{"id":7531,"date":"2019-02-20T18:21:42","date_gmt":"2019-02-20T17:21:42","guid":{"rendered":"https:\/\/www.reachextra.com\/donde-encontrar-copias-de-reach\/"},"modified":"2019-04-30T17:03:37","modified_gmt":"2019-04-30T15:03:37","slug":"donde-encontrar-copias-de-reach","status":"publish","type":"page","link":"https:\/\/reachextra.com\/es\/donde-encontrar-copias-de-reach\/","title":{"rendered":"Donde encontrar copias de Reach-Alcance"},"content":{"rendered":"<section class=\"wpb-content-wrapper\"><p>[vc_row][vc_column]<h2  class=\"g1-title g1-title-align- g1-epsilon g1-epsilon-2nd \"><span>A continuaci\u00f3n te presentamos una lista con los lugares donde puedes conseguir una copia de Reach-Alcance<\/span><\/h2>[vc_icon icon_fontawesome=\u00bbfa fa-map-marker\u00bb color=\u00bbjuicy_pink\u00bb background_style=\u00bbrounded\u00bb background_color=\u00bbwhite\u00bb size=\u00bbxl\u00bb align=\u00bbcenter\u00bb css_animation=\u00bbbounceIn\u00bb][\/vc_column][\/vc_row][vc_row][vc_column][vc_toggle title=\u00bbGibraltar\u00bb]Morrisons<br \/>\nJohn Mackintosh Hall<br \/>\nFine Arts Gallery<br \/>\nGarrison Library<br \/>\nGustavo Bacarisa Art Gallery<br \/>\nGibraltar National Museum<br \/>\nUniversity of Gibraltar<br \/>\nGibraltar International Bank<br \/>\nWorld Trade Centre<br \/>\nBristol Hotel<br \/>\nHoliday Inn Hotel<br \/>\nCaleta Hotel<br \/>\nElliotts Hotel<br \/>\nRegal House<br \/>\nHadfield House<br \/>\nLeon House<br \/>\nWaterport Building<br \/>\nMarina Bay[\/vc_toggle][vc_toggle title=\u00bbLa L\u00ednea\u00bb]Comercial Andaluc\u00eda<br \/>\nHospital<br \/>\nMuseo Cruz Herrera<br \/>\nAyuntamiento<br \/>\nLa Uni\u00f3n<br \/>\nCl\u00ednica Universal<br \/>\nCafeter\u00eda Modelo<br \/>\nClub N\u00e1utico<br \/>\nClub Mar\u00edtimo<br \/>\nAlcaidesa Marina<br \/>\nMuseo del Itsmo<br \/>\nHospital (Urgencias)<br \/>\nEl C\u00edrculo<br \/>\nAQA cafeter\u00eda[\/vc_toggle][vc_toggle title=\u00bbLos Barrios\u00bb]Hotel La Montera<br \/>\nHotel Holiday Inn<br \/>\nHotel Guadacorte<br \/>\nHospital Quir\u00f3n<br \/>\nAyuntamiento<br \/>\nCentro del D<span lang=\"es\" tabindex=\"0\">\u00eda<br \/>\nPasteler<\/span><span lang=\"es\" tabindex=\"0\">\u00eda La Plata<br \/>\nFarmacia La Plaza<br \/>\nChurrer<\/span><span lang=\"es\" tabindex=\"0\">\u00eda<\/span>[\/vc_toggle][vc_toggle title=\u00bbSan Roque\u00bb]Ayuntamiento<br \/>\nPolic\u00eda Local<br \/>\nJuzgados<br \/>\nCafeter\u00edas de la Alameda<br \/>\nPiscina cubierta<br \/>\nAlcaidesa<br \/>\nSan Roque Club<br \/>\nEscuela de Idiomas<br \/>\nCentro de Salud<br \/>\nCentro de d\u00eda[\/vc_toggle][vc_toggle title=\u00bbAlgeciras\u00bb]Escuela de Derecho<br \/>\nMuseo Municipal<br \/>\nEscuela Polit\u00e9cnica<br \/>\nEscuela de Idiomas<br \/>\nAyuntamiento<br \/>\nUrbanismo (plaza de Andaluc\u00eda)<br \/>\nSubdelegaci\u00f3n del Gobierno de la Junta de Andaluc\u00eda<br \/>\nHotel Cristina<br \/>\nHotel Albor\u00e1n<br \/>\nHotel AC<br \/>\nAura<br \/>\nCasino<br \/>\nClub N\u00e1utico<br \/>\nPlaza Andaluc\u00eda<br \/>\nRestaurantes Palmones<br \/>\nCafeter\u00eda del Puerto (Sede)<br \/>\nZona Franca<br \/>\nHospital[\/vc_toggle][vc_toggle title=\u00bbSotogrande\u00bb]Hoteles<br \/>\nRestaurante Midas<br \/>\nCampos de Golf<br \/>\nTorre del Puerto Deportivo<br \/>\nGaler\u00edas Paniagua<br \/>\nSotomarket<br \/>\nMarisol<br \/>\nClub de padel<br \/>\nClub de Golf La Ca\u00f1ada<br \/>\nFarmacia Pueblo Nuevo Guadiaro[\/vc_toggle][vc_toggle title=\u00bbTarifa\u00bb]Ayuntamiento<br \/>\nOficina de Turismo<br \/>\nHotel Los Lances<br \/>\nResidencia de dia<br \/>\nRestaurante Montilla[\/vc_toggle][\/vc_column][\/vc_row][vc_row][vc_column][vc_column_text]Y otros puntos de\u00a0<span lang=\"es\" tabindex=\"0\">inter\u00e9s de la Comarca y Gibraltar&#8230;<\/span>[\/vc_column_text][vc_separator][\/vc_column][\/vc_row][vc_row][vc_column]<div class=\"wpforms-container wpforms-container-full\" id=\"wpforms-5858\"><form id=\"wpforms-form-5858\" class=\"wpforms-validate wpforms-form wpforms-ajax-form\" data-formid=\"5858\" method=\"post\" enctype=\"multipart\/form-data\" action=\"\/es\/wp-json\/wp\/v2\/pages\/7531\" data-token=\"60679f45d39d4c7d798cb35282871f60\" data-token-time=\"1776418787\"><div class=\"wpforms-head-container\"><div class=\"wpforms-title\">Cont\u00e1ctenos<\/div><\/div><noscript class=\"wpforms-error-noscript\">Por favor, activa JavaScript en tu navegador para completar este formulario.<\/noscript><div class=\"wpforms-field-container\"><div id=\"wpforms-5858-field_0-container\" class=\"wpforms-field wpforms-field-name\" data-field-id=\"0\"><label class=\"wpforms-field-label\" for=\"wpforms-5858-field_0\">Nombre <span class=\"wpforms-required-label\">*<\/span><\/label><input type=\"text\" id=\"wpforms-5858-field_0\" class=\"wpforms-field-medium wpforms-field-required\" name=\"wpforms[fields][0]\" required><\/div><div id=\"wpforms-5858-field_1-container\" class=\"wpforms-field wpforms-field-email\" data-field-id=\"1\"><label class=\"wpforms-field-label\" for=\"wpforms-5858-field_1\">Correo electr\u00f3nico <span class=\"wpforms-required-label\">*<\/span><\/label><input type=\"email\" id=\"wpforms-5858-field_1\" class=\"wpforms-field-medium wpforms-field-required\" name=\"wpforms[fields][1]\" spellcheck=\"false\" required><\/div><div id=\"wpforms-5858-field_2-container\" class=\"wpforms-field wpforms-field-textarea\" data-field-id=\"2\"><label class=\"wpforms-field-label\" for=\"wpforms-5858-field_2\">Mensaje <span class=\"wpforms-required-label\">*<\/span><\/label><textarea id=\"wpforms-5858-field_2\" class=\"wpforms-field-medium wpforms-field-required\" name=\"wpforms[fields][2]\" required><\/textarea><\/div><\/div><!-- .wpforms-field-container --><div class=\"wpforms-field wpforms-field-hp\"><label for=\"wpforms-5858-field-hp\" class=\"wpforms-field-label\">Website<\/label><input type=\"text\" name=\"wpforms[hp]\" id=\"wpforms-5858-field-hp\" class=\"wpforms-field-medium\"><\/div><div class=\"wpforms-recaptcha-container wpforms-is-recaptcha wpforms-is-recaptcha-type-v2\" ><div class=\"g-recaptcha\" data-sitekey=\"6LdiRHYUAAAAAFEUtRFwPGaWXIDDfldLNX6qTTsb\"><\/div><input type=\"text\" name=\"g-recaptcha-hidden\" class=\"wpforms-recaptcha-hidden\" style=\"position:absolute!important;clip:rect(0,0,0,0)!important;height:1px!important;width:1px!important;border:0!important;overflow:hidden!important;padding:0!important;margin:0!important;\" data-rule-recaptcha=\"1\"><\/div><div class=\"wpforms-submit-container\" ><input type=\"hidden\" name=\"wpforms[id]\" value=\"5858\"><input type=\"hidden\" name=\"page_title\" value=\"\"><input type=\"hidden\" name=\"page_url\" value=\"https:\/\/reachextra.com\/es\/wp-json\/wp\/v2\/pages\/7531\"><input type=\"hidden\" name=\"url_referer\" value=\"\"><button type=\"submit\" name=\"wpforms[submit]\" id=\"wpforms-submit-5858\" class=\"wpforms-submit\" data-alt-text=\"Estamos enviando tu mensaje...\" data-submit-text=\"Enviar\" aria-live=\"assertive\" value=\"wpforms-submit\">Enviar<\/button><img loading=\"lazy\" decoding=\"async\" src=\"https:\/\/reachextra.com\/wp-content\/plugins\/wpforms-lite\/assets\/images\/submit-spin.svg\" class=\"wpforms-submit-spinner\" style=\"display: none;\" width=\"26\" height=\"26\" alt=\"Cargando\"><\/div><\/form><\/div>  <!-- .wpforms-container -->[\/vc_column][\/vc_row]<\/p>\n<\/section>","protected":false},"excerpt":{"rendered":"<p>[vc_row][vc_column][vc_icon icon_fontawesome=\u00bbfa fa-map-marker\u00bb color=\u00bbjuicy_pink\u00bb background_style=\u00bbrounded\u00bb background_color=\u00bbwhite\u00bb size=\u00bbxl\u00bb align=\u00bbcenter\u00bb css_animation=\u00bbbounceIn\u00bb][\/vc_column][\/vc_row][vc_row][vc_column][vc_toggle title=\u00bbGibraltar\u00bb]Morrisons John Mackintosh Hall Fine Arts Gallery Garrison Library Gustavo Bacarisa Art Gallery Gibraltar National Museum University of Gibraltar Gibraltar International Bank World Trade Centre Bristol Hotel Holiday Inn Hotel Caleta Hotel Elliotts Hotel Regal House Hadfield House Leon House Waterport Building Marina Bay[\/vc_toggle][vc_toggle title=\u00bbLa L\u00ednea\u00bb]Comercial [&hellip;] <a class=\"g1-link g1-link-more\" href=\"https:\/\/reachextra.com\/es\/donde-encontrar-copias-de-reach\/\">More<\/a><\/p>\n","protected":false},"author":1,"featured_media":0,"parent":0,"menu_order":0,"comment_status":"closed","ping_status":"closed","template":"","meta":{"footnotes":""},"class_list":["post-7531","page","type-page","status-publish"],"yoast_head":"<!-- This site is optimized with the Yoast SEO Premium plugin v19.5 (Yoast SEO v26.7) - https:\/\/yoast.com\/wordpress\/plugins\/seo\/ -->\n<title>Donde encontrar copias de Reach-Alcance - ReachExtra<\/title>\n<meta name=\"description\" content=\"\u00bfEst\u00e1s buscando ejemplares de Reach-Alcance? Elije de la lista tu punto de distribuci\u00f3n m\u00e1s cercano. \u00a1Date prisa, se acaban pronto!\" \/>\n<meta name=\"robots\" content=\"index, follow, max-snippet:-1, max-image-preview:large, max-video-preview:-1\" \/>\n<link rel=\"canonical\" href=\"https:\/\/reachextra.com\/es\/donde-encontrar-copias-de-reach\/\" \/>\n<meta property=\"og:locale\" content=\"es_ES\" \/>\n<meta property=\"og:type\" content=\"article\" \/>\n<meta property=\"og:title\" content=\"Donde encontrar copias de Reach-Alcance\" \/>\n<meta property=\"og:description\" content=\"\u00bfEst\u00e1s buscando ejemplares de Reach-Alcance? Elije de la lista tu punto de distribuci\u00f3n m\u00e1s cercano. \u00a1Date prisa, se acaban pronto!\" \/>\n<meta property=\"og:url\" content=\"https:\/\/reachextra.com\/es\/donde-encontrar-copias-de-reach\/\" \/>\n<meta property=\"og:site_name\" content=\"ReachExtra\" \/>\n<meta property=\"article:publisher\" content=\"http:\/\/www.facebook.com\/reachextra\" \/>\n<meta property=\"article:modified_time\" content=\"2019-04-30T15:03:37+00:00\" \/>\n<meta property=\"og:image\" content=\"https:\/\/reachextra.com\/wp-content\/uploads\/2018\/12\/La-linea-Gibraltar-Nick-Gomez-Reach-Alcance.jpg\" \/>\n\t<meta property=\"og:image:width\" content=\"1492\" \/>\n\t<meta property=\"og:image:height\" content=\"856\" \/>\n\t<meta property=\"og:image:type\" content=\"image\/jpeg\" \/>\n<meta name=\"twitter:card\" content=\"summary_large_image\" \/>\n<meta name=\"twitter:title\" content=\"Donde encontrar copias de Reach-Alcance\" \/>\n<meta name=\"twitter:description\" content=\"\u00bfEst\u00e1s buscando ejemplares de Reach-Alcance? Elije de la lista tu punto de distribuci\u00f3n m\u00e1s cercano. \u00a1Date prisa, se acaban pronto!\" \/>\n<meta name=\"twitter:image\" content=\"https:\/\/www.reachextra.com\/wp-content\/uploads\/2018\/12\/La-linea-Gibraltar-Nick-Gomez-Reach-Alcance.jpg\" \/>\n<meta name=\"twitter:site\" content=\"@reachextra\" \/>\n<meta name=\"twitter:label1\" content=\"Tiempo de lectura\" \/>\n\t<meta name=\"twitter:data1\" content=\"2 minutos\" \/>\n<script type=\"application\/ld+json\" class=\"yoast-schema-graph\">{\"@context\":\"https:\/\/schema.org\",\"@graph\":[{\"@type\":\"WebPage\",\"@id\":\"https:\/\/reachextra.com\/es\/donde-encontrar-copias-de-reach\/\",\"url\":\"https:\/\/reachextra.com\/es\/donde-encontrar-copias-de-reach\/\",\"name\":\"Donde encontrar copias de Reach-Alcance - ReachExtra\",\"isPartOf\":{\"@id\":\"https:\/\/reachextra.com\/es\/#website\"},\"datePublished\":\"2019-02-20T17:21:42+00:00\",\"dateModified\":\"2019-04-30T15:03:37+00:00\",\"description\":\"\u00bfEst\u00e1s buscando ejemplares de Reach-Alcance? Elije de la lista tu punto de distribuci\u00f3n m\u00e1s cercano. \u00a1Date prisa, se acaban pronto!\",\"breadcrumb\":{\"@id\":\"https:\/\/reachextra.com\/es\/donde-encontrar-copias-de-reach\/#breadcrumb\"},\"inLanguage\":\"es\",\"potentialAction\":[{\"@type\":\"ReadAction\",\"target\":[\"https:\/\/reachextra.com\/es\/donde-encontrar-copias-de-reach\/\"]}]},{\"@type\":\"BreadcrumbList\",\"@id\":\"https:\/\/reachextra.com\/es\/donde-encontrar-copias-de-reach\/#breadcrumb\",\"itemListElement\":[{\"@type\":\"ListItem\",\"position\":1,\"name\":\"Home\",\"item\":\"https:\/\/reachextra.com\/es\/\"},{\"@type\":\"ListItem\",\"position\":2,\"name\":\"Donde encontrar copias de Reach-Alcance\"}]},{\"@type\":\"WebSite\",\"@id\":\"https:\/\/reachextra.com\/es\/#website\",\"url\":\"https:\/\/reachextra.com\/es\/\",\"name\":\"ReachExtra\",\"description\":\" Reach-Alcance en Espa\u00f1ol | Gibraltar | Campo de Gibraltar\",\"publisher\":{\"@id\":\"https:\/\/reachextra.com\/es\/#organization\"},\"potentialAction\":[{\"@type\":\"SearchAction\",\"target\":{\"@type\":\"EntryPoint\",\"urlTemplate\":\"https:\/\/reachextra.com\/es\/?s={search_term_string}\"},\"query-input\":{\"@type\":\"PropertyValueSpecification\",\"valueRequired\":true,\"valueName\":\"search_term_string\"}}],\"inLanguage\":\"es\"},{\"@type\":\"Organization\",\"@id\":\"https:\/\/reachextra.com\/es\/#organization\",\"name\":\"Reach-Alcance\",\"url\":\"https:\/\/reachextra.com\/es\/\",\"logo\":{\"@type\":\"ImageObject\",\"inLanguage\":\"es\",\"@id\":\"https:\/\/reachextra.com\/es\/#\/schema\/logo\/image\/\",\"url\":\"https:\/\/www.reachextra.com\/wp-content\/uploads\/2018\/12\/Reach-Alcance-LOGO-HDPI.jpg\",\"contentUrl\":\"https:\/\/www.reachextra.com\/wp-content\/uploads\/2018\/12\/Reach-Alcance-LOGO-HDPI.jpg\",\"width\":750,\"height\":474,\"caption\":\"Reach-Alcance\"},\"image\":{\"@id\":\"https:\/\/reachextra.com\/es\/#\/schema\/logo\/image\/\"},\"sameAs\":[\"http:\/\/www.facebook.com\/reachextra\",\"https:\/\/x.com\/reachextra\",\"http:\/\/reach.extra\",\"https:\/\/www.linkedin.com\/company\/reach-alcance\/\"]}]}<\/script>\n<!-- \/ Yoast SEO Premium plugin. -->","yoast_head_json":{"title":"Donde encontrar copias de Reach-Alcance - ReachExtra","description":"\u00bfEst\u00e1s buscando ejemplares de Reach-Alcance? Elije de la lista tu punto de distribuci\u00f3n m\u00e1s cercano. \u00a1Date prisa, se acaban pronto!","robots":{"index":"index","follow":"follow","max-snippet":"max-snippet:-1","max-image-preview":"max-image-preview:large","max-video-preview":"max-video-preview:-1"},"canonical":"https:\/\/reachextra.com\/es\/donde-encontrar-copias-de-reach\/","og_locale":"es_ES","og_type":"article","og_title":"Donde encontrar copias de Reach-Alcance","og_description":"\u00bfEst\u00e1s buscando ejemplares de Reach-Alcance? Elije de la lista tu punto de distribuci\u00f3n m\u00e1s cercano. \u00a1Date prisa, se acaban pronto!","og_url":"https:\/\/reachextra.com\/es\/donde-encontrar-copias-de-reach\/","og_site_name":"ReachExtra","article_publisher":"http:\/\/www.facebook.com\/reachextra","article_modified_time":"2019-04-30T15:03:37+00:00","og_image":[{"width":1492,"height":856,"url":"https:\/\/reachextra.com\/wp-content\/uploads\/2018\/12\/La-linea-Gibraltar-Nick-Gomez-Reach-Alcance.jpg","type":"image\/jpeg"}],"twitter_card":"summary_large_image","twitter_title":"Donde encontrar copias de Reach-Alcance","twitter_description":"\u00bfEst\u00e1s buscando ejemplares de Reach-Alcance? Elije de la lista tu punto de distribuci\u00f3n m\u00e1s cercano. \u00a1Date prisa, se acaban pronto!","twitter_image":"https:\/\/www.reachextra.com\/wp-content\/uploads\/2018\/12\/La-linea-Gibraltar-Nick-Gomez-Reach-Alcance.jpg","twitter_site":"@reachextra","twitter_misc":{"Tiempo de lectura":"2 minutos"},"schema":{"@context":"https:\/\/schema.org","@graph":[{"@type":"WebPage","@id":"https:\/\/reachextra.com\/es\/donde-encontrar-copias-de-reach\/","url":"https:\/\/reachextra.com\/es\/donde-encontrar-copias-de-reach\/","name":"Donde encontrar copias de Reach-Alcance - ReachExtra","isPartOf":{"@id":"https:\/\/reachextra.com\/es\/#website"},"datePublished":"2019-02-20T17:21:42+00:00","dateModified":"2019-04-30T15:03:37+00:00","description":"\u00bfEst\u00e1s buscando ejemplares de Reach-Alcance? Elije de la lista tu punto de distribuci\u00f3n m\u00e1s cercano. \u00a1Date prisa, se acaban pronto!","breadcrumb":{"@id":"https:\/\/reachextra.com\/es\/donde-encontrar-copias-de-reach\/#breadcrumb"},"inLanguage":"es","potentialAction":[{"@type":"ReadAction","target":["https:\/\/reachextra.com\/es\/donde-encontrar-copias-de-reach\/"]}]},{"@type":"BreadcrumbList","@id":"https:\/\/reachextra.com\/es\/donde-encontrar-copias-de-reach\/#breadcrumb","itemListElement":[{"@type":"ListItem","position":1,"name":"Home","item":"https:\/\/reachextra.com\/es\/"},{"@type":"ListItem","position":2,"name":"Donde encontrar copias de Reach-Alcance"}]},{"@type":"WebSite","@id":"https:\/\/reachextra.com\/es\/#website","url":"https:\/\/reachextra.com\/es\/","name":"ReachExtra","description":" Reach-Alcance en Espa\u00f1ol | Gibraltar | Campo de Gibraltar","publisher":{"@id":"https:\/\/reachextra.com\/es\/#organization"},"potentialAction":[{"@type":"SearchAction","target":{"@type":"EntryPoint","urlTemplate":"https:\/\/reachextra.com\/es\/?s={search_term_string}"},"query-input":{"@type":"PropertyValueSpecification","valueRequired":true,"valueName":"search_term_string"}}],"inLanguage":"es"},{"@type":"Organization","@id":"https:\/\/reachextra.com\/es\/#organization","name":"Reach-Alcance","url":"https:\/\/reachextra.com\/es\/","logo":{"@type":"ImageObject","inLanguage":"es","@id":"https:\/\/reachextra.com\/es\/#\/schema\/logo\/image\/","url":"https:\/\/www.reachextra.com\/wp-content\/uploads\/2018\/12\/Reach-Alcance-LOGO-HDPI.jpg","contentUrl":"https:\/\/www.reachextra.com\/wp-content\/uploads\/2018\/12\/Reach-Alcance-LOGO-HDPI.jpg","width":750,"height":474,"caption":"Reach-Alcance"},"image":{"@id":"https:\/\/reachextra.com\/es\/#\/schema\/logo\/image\/"},"sameAs":["http:\/\/www.facebook.com\/reachextra","https:\/\/x.com\/reachextra","http:\/\/reach.extra","https:\/\/www.linkedin.com\/company\/reach-alcance\/"]}]}},"wps_subtitle":"","jetpack_sharing_enabled":true,"_links":{"self":[{"href":"https:\/\/reachextra.com\/es\/wp-json\/wp\/v2\/pages\/7531","targetHints":{"allow":["GET"]}}],"collection":[{"href":"https:\/\/reachextra.com\/es\/wp-json\/wp\/v2\/pages"}],"about":[{"href":"https:\/\/reachextra.com\/es\/wp-json\/wp\/v2\/types\/page"}],"author":[{"embeddable":true,"href":"https:\/\/reachextra.com\/es\/wp-json\/wp\/v2\/users\/1"}],"replies":[{"embeddable":true,"href":"https:\/\/reachextra.com\/es\/wp-json\/wp\/v2\/comments?post=7531"}],"version-history":[{"count":7,"href":"https:\/\/reachextra.com\/es\/wp-json\/wp\/v2\/pages\/7531\/revisions"}],"predecessor-version":[{"id":8976,"href":"https:\/\/reachextra.com\/es\/wp-json\/wp\/v2\/pages\/7531\/revisions\/8976"}],"wp:attachment":[{"href":"https:\/\/reachextra.com\/es\/wp-json\/wp\/v2\/media?parent=7531"}],"curies":[{"name":"wp","href":"https:\/\/api.w.org\/{rel}","templated":true}]}}