{"id":6713,"date":"2015-12-04T10:09:53","date_gmt":"2015-12-04T09:09:53","guid":{"rendered":"https:\/\/www.reachextra.com\/tendencias\/"},"modified":"2019-01-23T17:09:25","modified_gmt":"2019-01-23T16:09:25","slug":"tendencias","status":"publish","type":"page","link":"https:\/\/reachextra.com\/es\/tendencias\/","title":{"rendered":"Tendencias"},"content":{"rendered":"","protected":false},"excerpt":{"rendered":"","protected":false},"author":1,"featured_media":0,"parent":0,"menu_order":0,"comment_status":"closed","ping_status":"closed","template":"","meta":{"footnotes":""},"class_list":["post-6713","page","type-page","status-publish"],"yoast_head":"<!-- This site is optimized with the Yoast SEO Premium plugin v19.5 (Yoast SEO v26.7) - https:\/\/yoast.com\/wordpress\/plugins\/seo\/ -->\n<title>Tendencias - ReachExtra<\/title>\n<meta name=\"robots\" content=\"index, follow, max-snippet:-1, max-image-preview:large, max-video-preview:-1\" \/>\n<link rel=\"canonical\" href=\"https:\/\/reachextra.com\/es\/tendencias\/\" \/>\n<meta property=\"og:locale\" content=\"es_ES\" \/>\n<meta property=\"og:type\" content=\"article\" \/>\n<meta property=\"og:title\" content=\"Tendencias\" \/>\n<meta property=\"og:url\" content=\"https:\/\/reachextra.com\/es\/tendencias\/\" \/>\n<meta property=\"og:site_name\" content=\"ReachExtra\" \/>\n<meta property=\"article:publisher\" content=\"http:\/\/www.facebook.com\/reachextra\" \/>\n<meta property=\"article:modified_time\" content=\"2019-01-23T16:09:25+00:00\" \/>\n<meta name=\"twitter:card\" content=\"summary_large_image\" \/>\n<meta name=\"twitter:site\" content=\"@reachextra\" \/>\n<script type=\"application\/ld+json\" class=\"yoast-schema-graph\">{\"@context\":\"https:\/\/schema.org\",\"@graph\":[{\"@type\":\"WebPage\",\"@id\":\"https:\/\/reachextra.com\/es\/tendencias\/\",\"url\":\"https:\/\/reachextra.com\/es\/tendencias\/\",\"name\":\"Tendencias - ReachExtra\",\"isPartOf\":{\"@id\":\"https:\/\/reachextra.com\/es\/#website\"},\"datePublished\":\"2015-12-04T09:09:53+00:00\",\"dateModified\":\"2019-01-23T16:09:25+00:00\",\"breadcrumb\":{\"@id\":\"https:\/\/reachextra.com\/es\/tendencias\/#breadcrumb\"},\"inLanguage\":\"es\",\"potentialAction\":[{\"@type\":\"ReadAction\",\"target\":[\"https:\/\/reachextra.com\/es\/tendencias\/\"]}]},{\"@type\":\"BreadcrumbList\",\"@id\":\"https:\/\/reachextra.com\/es\/tendencias\/#breadcrumb\",\"itemListElement\":[{\"@type\":\"ListItem\",\"position\":1,\"name\":\"Home\",\"item\":\"https:\/\/reachextra.com\/es\/\"},{\"@type\":\"ListItem\",\"position\":2,\"name\":\"Tendencias\"}]},{\"@type\":\"WebSite\",\"@id\":\"https:\/\/reachextra.com\/es\/#website\",\"url\":\"https:\/\/reachextra.com\/es\/\",\"name\":\"ReachExtra\",\"description\":\" Reach-Alcance en Espa\u00f1ol | Gibraltar | Campo de Gibraltar\",\"publisher\":{\"@id\":\"https:\/\/reachextra.com\/es\/#organization\"},\"potentialAction\":[{\"@type\":\"SearchAction\",\"target\":{\"@type\":\"EntryPoint\",\"urlTemplate\":\"https:\/\/reachextra.com\/es\/?s={search_term_string}\"},\"query-input\":{\"@type\":\"PropertyValueSpecification\",\"valueRequired\":true,\"valueName\":\"search_term_string\"}}],\"inLanguage\":\"es\"},{\"@type\":\"Organization\",\"@id\":\"https:\/\/reachextra.com\/es\/#organization\",\"name\":\"Reach-Alcance\",\"url\":\"https:\/\/reachextra.com\/es\/\",\"logo\":{\"@type\":\"ImageObject\",\"inLanguage\":\"es\",\"@id\":\"https:\/\/reachextra.com\/es\/#\/schema\/logo\/image\/\",\"url\":\"https:\/\/www.reachextra.com\/wp-content\/uploads\/2018\/12\/Reach-Alcance-LOGO-HDPI.jpg\",\"contentUrl\":\"https:\/\/www.reachextra.com\/wp-content\/uploads\/2018\/12\/Reach-Alcance-LOGO-HDPI.jpg\",\"width\":750,\"height\":474,\"caption\":\"Reach-Alcance\"},\"image\":{\"@id\":\"https:\/\/reachextra.com\/es\/#\/schema\/logo\/image\/\"},\"sameAs\":[\"http:\/\/www.facebook.com\/reachextra\",\"https:\/\/x.com\/reachextra\",\"http:\/\/reach.extra\",\"https:\/\/www.linkedin.com\/company\/reach-alcance\/\"]}]}<\/script>\n<!-- \/ Yoast SEO Premium plugin. -->","yoast_head_json":{"title":"Tendencias - ReachExtra","robots":{"index":"index","follow":"follow","max-snippet":"max-snippet:-1","max-image-preview":"max-image-preview:large","max-video-preview":"max-video-preview:-1"},"canonical":"https:\/\/reachextra.com\/es\/tendencias\/","og_locale":"es_ES","og_type":"article","og_title":"Tendencias","og_url":"https:\/\/reachextra.com\/es\/tendencias\/","og_site_name":"ReachExtra","article_publisher":"http:\/\/www.facebook.com\/reachextra","article_modified_time":"2019-01-23T16:09:25+00:00","twitter_card":"summary_large_image","twitter_site":"@reachextra","schema":{"@context":"https:\/\/schema.org","@graph":[{"@type":"WebPage","@id":"https:\/\/reachextra.com\/es\/tendencias\/","url":"https:\/\/reachextra.com\/es\/tendencias\/","name":"Tendencias - ReachExtra","isPartOf":{"@id":"https:\/\/reachextra.com\/es\/#website"},"datePublished":"2015-12-04T09:09:53+00:00","dateModified":"2019-01-23T16:09:25+00:00","breadcrumb":{"@id":"https:\/\/reachextra.com\/es\/tendencias\/#breadcrumb"},"inLanguage":"es","potentialAction":[{"@type":"ReadAction","target":["https:\/\/reachextra.com\/es\/tendencias\/"]}]},{"@type":"BreadcrumbList","@id":"https:\/\/reachextra.com\/es\/tendencias\/#breadcrumb","itemListElement":[{"@type":"ListItem","position":1,"name":"Home","item":"https:\/\/reachextra.com\/es\/"},{"@type":"ListItem","position":2,"name":"Tendencias"}]},{"@type":"WebSite","@id":"https:\/\/reachextra.com\/es\/#website","url":"https:\/\/reachextra.com\/es\/","name":"ReachExtra","description":" Reach-Alcance en Espa\u00f1ol | Gibraltar | Campo de Gibraltar","publisher":{"@id":"https:\/\/reachextra.com\/es\/#organization"},"potentialAction":[{"@type":"SearchAction","target":{"@type":"EntryPoint","urlTemplate":"https:\/\/reachextra.com\/es\/?s={search_term_string}"},"query-input":{"@type":"PropertyValueSpecification","valueRequired":true,"valueName":"search_term_string"}}],"inLanguage":"es"},{"@type":"Organization","@id":"https:\/\/reachextra.com\/es\/#organization","name":"Reach-Alcance","url":"https:\/\/reachextra.com\/es\/","logo":{"@type":"ImageObject","inLanguage":"es","@id":"https:\/\/reachextra.com\/es\/#\/schema\/logo\/image\/","url":"https:\/\/www.reachextra.com\/wp-content\/uploads\/2018\/12\/Reach-Alcance-LOGO-HDPI.jpg","contentUrl":"https:\/\/www.reachextra.com\/wp-content\/uploads\/2018\/12\/Reach-Alcance-LOGO-HDPI.jpg","width":750,"height":474,"caption":"Reach-Alcance"},"image":{"@id":"https:\/\/reachextra.com\/es\/#\/schema\/logo\/image\/"},"sameAs":["http:\/\/www.facebook.com\/reachextra","https:\/\/x.com\/reachextra","http:\/\/reach.extra","https:\/\/www.linkedin.com\/company\/reach-alcance\/"]}]}},"wps_subtitle":"Nuestros art\u00edculos m\u00e1s visitados en las \u00faltimas 24 horas","jetpack_sharing_enabled":true,"_links":{"self":[{"href":"https:\/\/reachextra.com\/es\/wp-json\/wp\/v2\/pages\/6713","targetHints":{"allow":["GET"]}}],"collection":[{"href":"https:\/\/reachextra.com\/es\/wp-json\/wp\/v2\/pages"}],"about":[{"href":"https:\/\/reachextra.com\/es\/wp-json\/wp\/v2\/types\/page"}],"author":[{"embeddable":true,"href":"https:\/\/reachextra.com\/es\/wp-json\/wp\/v2\/users\/1"}],"replies":[{"embeddable":true,"href":"https:\/\/reachextra.com\/es\/wp-json\/wp\/v2\/comments?post=6713"}],"version-history":[{"count":2,"href":"https:\/\/reachextra.com\/es\/wp-json\/wp\/v2\/pages\/6713\/revisions"}],"predecessor-version":[{"id":6913,"href":"https:\/\/reachextra.com\/es\/wp-json\/wp\/v2\/pages\/6713\/revisions\/6913"}],"wp:attachment":[{"href":"https:\/\/reachextra.com\/es\/wp-json\/wp\/v2\/media?parent=6713"}],"curies":[{"name":"wp","href":"https:\/\/api.w.org\/{rel}","templated":true}]}}